{"id":2019,"date":"2022-11-20T14:10:16","date_gmt":"2022-11-20T14:10:16","guid":{"rendered":"https:\/\/aphrenety.com\/?page_id=2019"},"modified":"2022-11-20T15:01:40","modified_gmt":"2022-11-20T15:01:40","slug":"elementor-2019","status":"publish","type":"page","link":"https:\/\/aphrenety.com\/index.php\/elementor-2019\/","title":{"rendered":"Elementor #2019"},"content":{"rendered":"\t\t<div data-elementor-type=\"wp-page\" data-elementor-id=\"2019\" class=\"elementor elementor-2019\">\n\t\t\t\t\t\t\t\t\t<section class=\"elementor-section elementor-top-section elementor-element elementor-element-ac015bd elementor-section-full_width elementor-section-height-default elementor-section-height-default\" data-id=\"ac015bd\" data-element_type=\"section\">\n\t\t\t\t\t\t<div class=\"elementor-container elementor-column-gap-no\">\n\t\t\t\t\t<div class=\"elementor-column elementor-col-100 elementor-top-column elementor-element elementor-element-9b87a87\" data-id=\"9b87a87\" data-element_type=\"column\">\n\t\t\t<div class=\"elementor-widget-wrap elementor-element-populated\">\n\t\t\t\t\t\t\t\t<div class=\"elementor-element elementor-element-e0bdefc elementor-widget__width-inherit elementor-absolute elementor-widget elementor-widget-text-editor\" data-id=\"e0bdefc\" data-element_type=\"widget\" data-settings=\"{&quot;_position&quot;:&quot;absolute&quot;}\" data-widget_type=\"text-editor.default\">\n\t\t\t\t<div class=\"elementor-widget-container\">\n\t\t\t<style>\/*! elementor - v3.7.8 - 02-10-2022 *\/\n.elementor-widget-text-editor.elementor-drop-cap-view-stacked .elementor-drop-cap{background-color:#818a91;color:#fff}.elementor-widget-text-editor.elementor-drop-cap-view-framed .elementor-drop-cap{color:#818a91;border:3px solid;background-color:transparent}.elementor-widget-text-editor:not(.elementor-drop-cap-view-default) .elementor-drop-cap{margin-top:8px}.elementor-widget-text-editor:not(.elementor-drop-cap-view-default) .elementor-drop-cap-letter{width:1em;height:1em}.elementor-widget-text-editor .elementor-drop-cap{float:left;text-align:center;line-height:1;font-size:50px}.elementor-widget-text-editor .elementor-drop-cap-letter{display:inline-block}<\/style>\t\t\t\t<p style=\"text-align: left;\">Datenschutzerkl\u00e4rung<span class=\"Apple-converted-space\">\u00a0<\/span><\/p><p style=\"text-align: left;\">Die folgenden Hinweise geben einen einfachen \u00dcberblick dar\u00fcber, was mit Ihren personenbezogenen Daten passiert, wenn Sie diese Website besuchen. Personenbezogene Daten sind alle Daten, mit denen Sie pers\u00f6nlich identifiziert werden k\u00f6nnen.<\/p><p style=\"text-align: left;\">1. Datenerfassung auf dieser Website<\/p><p style=\"text-align: left;\">a) Verantwortlicher f\u00fcr die Datenverarbeitung auf dieser Website im Sinne der Datenschutz-Grundverordnung (DSGVO) ist Darya Nikolayenko, Bethesdastrasse 1a, 20535 Hamburg, Deutschland. Kontakt: chironianfields@gmail.com. Der f\u00fcr die Verarbeitung von personenbezogenen Daten Verantwortliche ist diejenige nat\u00fcrliche oder juristische Person, die allein oder gemeinsam mit anderen \u00fcber die Zwecke und Mittel der Verarbeitung von personenbezogenen Daten entscheidet.<\/p><p style=\"text-align: left;\">b) Diese Website nutzt aus Sicherheitsgr\u00fcnden und zum Schutz der \u00dcbertragung personenbezogener Daten und anderer vertraulicher Inhalte (z.B. Bestellungen oder Anfragen an den Verantwortlichen) eine SSL-bzw. TLS-Verschl\u00fcsselung. Sie k\u00f6nnen eine verschl\u00fcsselte Verbindung an der Zeichenfolge \u201ehttps:\/\/\u201c und dem Schloss-Symbol in Ihrer Browserzeile erkennen.<\/p><p style=\"text-align: left;\">c) Datenerfassung beim Besuch unserer Website<\/p><p style=\"text-align: left;\">Bei der blo\u00df informatorischen Nutzung unserer Website, also wenn Sie sich nicht registrieren oder uns anderweitig Informationen \u00fcbermitteln, erheben wir nur solche Daten, die Ihr Browser an unseren Server \u00fcbermittelt (sog. \u201eServer-Logfiles\u201c). Wenn Sie unsere Website aufrufen, erheben wir die folgenden Daten, die f\u00fcr uns technisch erforderlich sind, um Ihnen die Website anzuzeigen:<\/p><p style=\"text-align: left;\">Konkret kann es sich insbesondere um folgende Daten handeln:<span class=\"Apple-converted-space\">\u00a0<\/span><\/p><p style=\"text-align: left;\">\u2013 IP-Adresse<br \/>\u2013 Datum und Uhrzeit der Anfrage<br \/>\u2013 Zeitzonendifferenz zur Greenwich Mean Time (GMT)<br \/>\u2013 Inhalt der Anforderung (konkrete Seite)<br \/>\u2013 Zugriffsstatus\/HTTP-Statuscode<br \/>\u2013 jeweils \u00fcbertragene Datenmenge<br \/>\u2013 Website, von der die Anforderung kommt<br \/>\u2013 Browser<br \/>\u2013 Betriebssystem und dessen Oberfl\u00e4che<br \/>\u2013 Sprache und Version der Browsersoftware<\/p><p style=\"text-align: left;\">d) Die Website www.aphrenety.com beinhaltet Verlinkungen zu dritten Webseiten von anderen Anbietern. Sobald Sie die Website <a href=\"http:\/\/www.aphrenety.com\/\">www.aphrenety.com<\/a> verlassen, gelten die Datenschutzbestimmungen des jeweiligen Website-Anbieters.<\/p><p style=\"text-align: left;\">2. Ihre Rechte<\/p><p style=\"text-align: left;\">Auf Ihr Verlangen teilen wir Ihnen gerne kostenlos und schriftlich mit, ob und welche personenbezogenen Daten wir zu Ihrer Person gespeichert haben. Unrichtige Daten werden von uns nach Kenntnis berichtigt. Sie haben zudem ggf. ein Recht auf Sperrung oder L\u00f6schung Ihrer personenbezogenen Daten.<\/p>\t\t\t\t\t\t<\/div>\n\t\t\t\t<\/div>\n\t\t\t\t\t<\/div>\n\t\t<\/div>\n\t\t\t\t\t\t\t<\/div>\n\t\t<\/section>\n\t\t\t\t\t\t\t<\/div>\n\t\t","protected":false},"excerpt":{"rendered":"<p>Datenschutzerkl\u00e4rung\u00a0 Die folgenden Hinweise geben einen einfachen \u00dcberblick dar\u00fcber, was mit Ihren personenbezogenen Daten passiert, wenn Sie diese Website besuchen. Personenbezogene Daten sind alle Daten, mit denen Sie pers\u00f6nlich identifiziert werden k\u00f6nnen. 1. Datenerfassung auf dieser Website a) Verantwortlicher f\u00fcr die Datenverarbeitung auf dieser Website im Sinne der Datenschutz-Grundverordnung (DSGVO) ist Darya Nikolayenko, Bethesdastrasse 1a, &hellip;<\/p>\n<p class=\"read-more\"> <a class=\"\" href=\"https:\/\/aphrenety.com\/index.php\/elementor-2019\/\"> <span class=\"screen-reader-text\">Elementor #2019<\/span> Read More &raquo;<\/a><\/p>\n","protected":false},"author":1,"featured_media":0,"parent":0,"menu_order":0,"comment_status":"closed","ping_status":"closed","template":"","meta":{"om_disable_all_campaigns":false,"_monsterinsights_skip_tracking":false,"_monsterinsights_sitenote_active":false,"_monsterinsights_sitenote_note":"","_monsterinsights_sitenote_category":0,"site-sidebar-layout":"no-sidebar","site-content-layout":"page-builder","ast-global-header-display":"","ast-main-header-display":"","ast-hfb-above-header-display":"","ast-hfb-below-header-display":"","ast-hfb-mobile-header-display":"","site-post-title":"disabled","ast-breadcrumbs-content":"","ast-featured-img":"disabled","footer-sml-layout":"","theme-transparent-header-meta":"","adv-header-id-meta":"","stick-header-meta":"","header-above-stick-meta":"","header-main-stick-meta":"","header-below-stick-meta":""},"aioseo_notices":[],"_links":{"self":[{"href":"https:\/\/aphrenety.com\/index.php\/wp-json\/wp\/v2\/pages\/2019"}],"collection":[{"href":"https:\/\/aphrenety.com\/index.php\/wp-json\/wp\/v2\/pages"}],"about":[{"href":"https:\/\/aphrenety.com\/index.php\/wp-json\/wp\/v2\/types\/page"}],"author":[{"embeddable":true,"href":"https:\/\/aphrenety.com\/index.php\/wp-json\/wp\/v2\/users\/1"}],"replies":[{"embeddable":true,"href":"https:\/\/aphrenety.com\/index.php\/wp-json\/wp\/v2\/comments?post=2019"}],"version-history":[{"count":29,"href":"https:\/\/aphrenety.com\/index.php\/wp-json\/wp\/v2\/pages\/2019\/revisions"}],"predecessor-version":[{"id":2134,"href":"https:\/\/aphrenety.com\/index.php\/wp-json\/wp\/v2\/pages\/2019\/revisions\/2134"}],"wp:attachment":[{"href":"https:\/\/aphrenety.com\/index.php\/wp-json\/wp\/v2\/media?parent=2019"}],"curies":[{"name":"wp","href":"https:\/\/api.w.org\/{rel}","templated":true}]}}